{"id":5190,"date":"2020-06-08T16:52:17","date_gmt":"2020-06-08T15:52:17","guid":{"rendered":"https:\/\/judokan.de\/wp\/?page_id=5190"},"modified":"2020-06-11T07:31:42","modified_gmt":"2020-06-11T06:31:42","slug":"22-methodische-uebungsreihe-koordination-drehspruenge-fuer-anfaenger","status":"publish","type":"page","link":"https:\/\/judokan.de\/?page_id=5190","title":{"rendered":"22 &#8211; Methodische \u00dcbungsreihe Koordination \/ Drehspr\u00fcnge f\u00fcr Anf\u00e4nger"},"content":{"rendered":"<p><iframe loading=\"lazy\" src=\"\/\/www.youtube.com\/embed\/GP0T6LQk-EY\" width=\"560\" height=\"314\" allowfullscreen=\"allowfullscreen\"><\/iframe><\/p>\n","protected":false},"excerpt":{"rendered":"","protected":false},"author":2,"featured_media":0,"parent":5192,"menu_order":0,"comment_status":"closed","ping_status":"closed","template":"","meta":{"footnotes":""},"class_list":["post-5190","page","type-page","status-publish","hentry","nodate","item-wrap"],"_links":{"self":[{"href":"https:\/\/judokan.de\/index.php?rest_route=\/wp\/v2\/pages\/5190","targetHints":{"allow":["GET"]}}],"collection":[{"href":"https:\/\/judokan.de\/index.php?rest_route=\/wp\/v2\/pages"}],"about":[{"href":"https:\/\/judokan.de\/index.php?rest_route=\/wp\/v2\/types\/page"}],"author":[{"embeddable":true,"href":"https:\/\/judokan.de\/index.php?rest_route=\/wp\/v2\/users\/2"}],"replies":[{"embeddable":true,"href":"https:\/\/judokan.de\/index.php?rest_route=%2Fwp%2Fv2%2Fcomments&post=5190"}],"version-history":[{"count":2,"href":"https:\/\/judokan.de\/index.php?rest_route=\/wp\/v2\/pages\/5190\/revisions"}],"predecessor-version":[{"id":5213,"href":"https:\/\/judokan.de\/index.php?rest_route=\/wp\/v2\/pages\/5190\/revisions\/5213"}],"up":[{"embeddable":true,"href":"https:\/\/judokan.de\/index.php?rest_route=\/wp\/v2\/pages\/5192"}],"wp:attachment":[{"href":"https:\/\/judokan.de\/index.php?rest_route=%2Fwp%2Fv2%2Fmedia&parent=5190"}],"curies":[{"name":"wp","href":"https:\/\/api.w.org\/{rel}","templated":true}]}}