{"id":1529,"date":"2013-07-13T15:55:41","date_gmt":"2013-07-13T14:55:41","guid":{"rendered":"http:\/\/judokan.de\/wp\/?page_id=1529"},"modified":"2013-07-13T16:03:14","modified_gmt":"2013-07-13T15:03:14","slug":"aufnahmepaket","status":"publish","type":"page","link":"https:\/\/judokan.de\/?page_id=1529","title":{"rendered":"Aufnahmepaket"},"content":{"rendered":"<p>Liebe Judo-Interessenten,<\/p>\n<p>hier findet ihr unser Aufnahmepaket. Dies besteht aus mehreren pdf Dateien die es euch und uns erleichtern Fu\u00df in der Welt des Judo beim Judokan Landau zu fassen.<\/p>\n<p>Enthalten sind:<\/p>\n<ul>\n<li><a title=\"Begr\u00fc\u00dfungsschreiben\" href=\"https:\/\/judokan.de\/wp\/?page_id=1531\">Begr\u00fc\u00dfungsschreiben<\/a><\/li>\n<li><a title=\"Aufnahmeantrag\" href=\"https:\/\/judokan.de\/wp\/?page_id=1545\">Aufnahmeantrag<\/a><\/li>\n<li><a title=\"Einzugserm\u00e4chtigung\" href=\"https:\/\/judokan.de\/wp\/?page_id=1547\">Einzugserm\u00e4chtigung<\/a><\/li>\n<li><a title=\"Einverst\u00e4ndniserkl\u00e4rung\" href=\"https:\/\/judokan.de\/wp\/?page_id=1550\">Einverst\u00e4ndniserkl\u00e4rung<\/a><\/li>\n<li><a title=\"Beitr\u00e4ge\" href=\"https:\/\/judokan.de\/wp\/?page_id=1552\">Beitr\u00e4ge<\/a><\/li>\n<li><a title=\"\u00c4rztliches Attest\" href=\"https:\/\/judokan.de\/wp\/?page_id=1554\">\u00c4rztliches Attest<\/a><\/li>\n<li><a title=\"Preise Judo-Anz\u00fcge\" href=\"https:\/\/judokan.de\/wp\/?page_id=1556\">Preise Judo-Anz\u00fcge<\/a><\/li>\n<li><a title=\"Dojo-Ordnung\" href=\"https:\/\/judokan.de\/wp\/?page_id=1558\">Dojo-Ordnung<\/a><\/li>\n<\/ul>\n","protected":false},"excerpt":{"rendered":"<p>Liebe Judo-Interessenten, hier findet ihr unser Aufnahmepaket. Dies besteht aus mehreren pdf Dateien die es euch und uns erleichtern Fu\u00df in der Welt des Judo beim Judokan Landau zu fassen. Enthalten sind: Begr\u00fc\u00dfungsschreiben Aufnahmeantrag Einzugserm\u00e4chtigung Einverst\u00e4ndniserkl\u00e4rung Beitr\u00e4ge \u00c4rztliches Attest Preise Judo-Anz\u00fcge Dojo-Ordnung<\/p>\n","protected":false},"author":2,"featured_media":0,"parent":298,"menu_order":7,"comment_status":"open","ping_status":"open","template":"","meta":{"footnotes":""},"class_list":["post-1529","page","type-page","status-publish","hentry","nodate","item-wrap"],"_links":{"self":[{"href":"https:\/\/judokan.de\/index.php?rest_route=\/wp\/v2\/pages\/1529","targetHints":{"allow":["GET"]}}],"collection":[{"href":"https:\/\/judokan.de\/index.php?rest_route=\/wp\/v2\/pages"}],"about":[{"href":"https:\/\/judokan.de\/index.php?rest_route=\/wp\/v2\/types\/page"}],"author":[{"embeddable":true,"href":"https:\/\/judokan.de\/index.php?rest_route=\/wp\/v2\/users\/2"}],"replies":[{"embeddable":true,"href":"https:\/\/judokan.de\/index.php?rest_route=%2Fwp%2Fv2%2Fcomments&post=1529"}],"version-history":[{"count":6,"href":"https:\/\/judokan.de\/index.php?rest_route=\/wp\/v2\/pages\/1529\/revisions"}],"predecessor-version":[{"id":1561,"href":"https:\/\/judokan.de\/index.php?rest_route=\/wp\/v2\/pages\/1529\/revisions\/1561"}],"up":[{"embeddable":true,"href":"https:\/\/judokan.de\/index.php?rest_route=\/wp\/v2\/pages\/298"}],"wp:attachment":[{"href":"https:\/\/judokan.de\/index.php?rest_route=%2Fwp%2Fv2%2Fmedia&parent=1529"}],"curies":[{"name":"wp","href":"https:\/\/api.w.org\/{rel}","templated":true}]}}